{"id":20041,"date":"2024-11-18T13:58:55","date_gmt":"2024-11-18T12:58:55","guid":{"rendered":"https:\/\/wydawnictwo-sqda.pl\/?post_type=product&#038;p=20041"},"modified":"2025-09-29T15:14:39","modified_gmt":"2025-09-29T13:14:39","slug":"wykaz-najwazniejszych-zmian-wytyczne-do-certyfikacji-na-zgodnosc-ze-standardem-iatf-16949-wydanie-6-pl","status":"publish","type":"product","link":"https:\/\/wydawnictwo-sqda.pl\/en\/product\/wykaz-najwazniejszych-zmian-wytyczne-do-certyfikacji-na-zgodnosc-ze-standardem-iatf-16949-wydanie-6-pl\/","title":{"rendered":"Wykaz najwa\u017cniejszych zmian &#8211; Wytyczne do certyfikacji na zgodno\u015b\u0107 ze standardem IATF 16949 wydanie 6 [PL]"},"content":{"rendered":"<p>Bezp\u0142atny PDF w j\u0119zyku polskim, zawieraj\u0105cy kluczowe zmiany w podr\u0119czniku Wytyczne do certyfikacji na zgodno\u015b\u0107 ze standardem IATF 16949 wydanie 6.<\/p>","protected":false},"excerpt":{"rendered":"<p>Bezp\u0142atny PDF w j\u0119zyku polskim, zawieraj\u0105cy kluczowe zmiany w podr\u0119czniku Wytyczne do certyfikacji na zgodno\u015b\u0107 ze standardem IATF 16949 wydanie 6.<\/p>","protected":false},"featured_media":702,"comment_status":"open","ping_status":"closed","template":"","meta":[],"product_brand":[],"product_cat":[20,37,55,91],"product_tag":[],"class_list":{"0":"post-20041","1":"product","2":"type-product","3":"status-publish","4":"has-post-thumbnail","6":"product_cat-publikacje-iatf","7":"product_cat-polskojezyczne","8":"product_cat-e-book","9":"product_cat-bezplatne","11":"first","12":"instock","13":"downloadable","14":"virtual","15":"purchasable","16":"product-type-simple"},"meta_box":{"wyd_pdf_title":"Zobacz produkt: Wytyczne do certyfikacji na zgodno\u015b\u0107 ze standardem IATF 16949, wydanie sz\u00f3ste, 2025","wyd_pdf":"https:\/\/wydawnictwo-sqda.pl\/produkt\/plwytyczne-do-certyfikacji-na-zgodnosc-ze-standardem-iatf-16949-wydanie-szoste-2025-polska-wersja-jezykowa\/","wyd_pdf_title_2":"Pobierz errat\u0119","wyd_pdf_2":"https:\/\/wydawnictwo-sqda.pl\/produkt\/errata-do-polskiego-wydania-wytyczne-do-certyfikacji-na-zgodnosc-ze-standardem-iatf-16949-wydanie-6\/","show_price_check":"0","free_gifts":[],"trans_content_long":"","trans_content_short":"","id_wpisu":"66155","powiazane_szkolenia":"66048,2222,2261"},"tiered_pricing_type":"fixed","tiered_pricing_fixed_rules":[],"tiered_pricing_product_settings":{"layout":"default","base_unit_name":{"singular":null,"plural":null},"default_variation":null},"tiered_pricing_minimum_quantity":null,"tiered_pricing_roles_data":[],"tiered_pricing_percentage_rules":[],"_links":{"self":[{"href":"https:\/\/wydawnictwo-sqda.pl\/en\/wp-json\/wp\/v2\/product\/20041","targetHints":{"allow":["GET"]}}],"collection":[{"href":"https:\/\/wydawnictwo-sqda.pl\/en\/wp-json\/wp\/v2\/product"}],"about":[{"href":"https:\/\/wydawnictwo-sqda.pl\/en\/wp-json\/wp\/v2\/types\/product"}],"replies":[{"embeddable":true,"href":"https:\/\/wydawnictwo-sqda.pl\/en\/wp-json\/wp\/v2\/comments?post=20041"}],"wp:featuredmedia":[{"embeddable":true,"href":"https:\/\/wydawnictwo-sqda.pl\/en\/wp-json\/wp\/v2\/media\/702"}],"wp:attachment":[{"href":"https:\/\/wydawnictwo-sqda.pl\/en\/wp-json\/wp\/v2\/media?parent=20041"}],"wp:term":[{"taxonomy":"product_brand","embeddable":true,"href":"https:\/\/wydawnictwo-sqda.pl\/en\/wp-json\/wp\/v2\/product_brand?post=20041"},{"taxonomy":"product_cat","embeddable":true,"href":"https:\/\/wydawnictwo-sqda.pl\/en\/wp-json\/wp\/v2\/product_cat?post=20041"},{"taxonomy":"product_tag","embeddable":true,"href":"https:\/\/wydawnictwo-sqda.pl\/en\/wp-json\/wp\/v2\/product_tag?post=20041"}],"curies":[{"name":"wp","href":"https:\/\/api.w.org\/{rel}","templated":true}]}}