{"id":20035,"date":"2024-11-18T13:27:42","date_gmt":"2024-11-18T12:27:42","guid":{"rendered":"https:\/\/wydawnictwo-sqda.pl\/?post_type=product&#038;p=20035"},"modified":"2026-02-19T12:44:19","modified_gmt":"2026-02-19T11:44:19","slug":"errata-do-polskiego-wydania-wytyczne-do-certyfikacji-na-zgodnosc-ze-standardem-iatf-16949-wydanie-6","status":"publish","type":"product","link":"https:\/\/wydawnictwo-sqda.pl\/en\/product\/errata-do-polskiego-wydania-wytyczne-do-certyfikacji-na-zgodnosc-ze-standardem-iatf-16949-wydanie-6\/","title":{"rendered":"Errata do polskiego wydania: Wytyczne do certyfikacji na zgodno\u015b\u0107 ze standardem IATF 16949 wydanie 6"},"content":{"rendered":"<p>Pobierz teraz darmow\u0105 errat\u0119 do polskiego wydania podr\u0119cznika <a href=\"https:\/\/wydawnictwo-sqda.pl\/en\/product\/plwytyczne-do-certyfikacji-na-zgodnosc-ze-standardem-iatf-16949-wydanie-szoste-2025-polska-wersja-jezykowa\/\">Wytyczne do certyfikacji na zgodno\u015b\u0107 ze standardem IATF 16949 wydanie 6<\/a> w wersji PDF. Dzi\u0119ki niej b\u0119dziesz mia\u0142 dost\u0119p do najnowszych poprawek i uzupe\u0142nie\u0144, kt\u00f3re wprowadzono do podr\u0119cznika, zapewniaj\u0105c sobie najbardziej aktualn\u0105 i precyzyjn\u0105 wiedz\u0119.<\/p>","protected":false},"excerpt":{"rendered":"<p>Pobierz teraz darmow\u0105 errat\u0119 do polskiego wydania podr\u0119cznika Wytyczne do certyfikacji na zgodno\u015b\u0107 ze standardem IATF 16949 wydanie 6 w wersji PDF. Dzi\u0119ki niej b\u0119dziesz mia\u0142 dost\u0119p do najnowszych poprawek i uzupe\u0142nie\u0144, kt\u00f3re wprowadzono do podr\u0119cznika, zapewniaj\u0105c sobie najbardziej aktualn\u0105 i precyzyjn\u0105 wiedz\u0119.<\/p>","protected":false},"featured_media":702,"comment_status":"open","ping_status":"closed","template":"","meta":[],"product_brand":[],"product_cat":[55,20,37,91],"product_tag":[],"class_list":{"0":"post-20035","1":"product","2":"type-product","3":"status-publish","4":"has-post-thumbnail","6":"product_cat-e-book","7":"product_cat-publikacje-iatf","8":"product_cat-polskojezyczne","9":"product_cat-bezplatne","11":"first","12":"instock","13":"downloadable","14":"virtual","15":"purchasable","16":"product-type-simple"},"meta_box":{"wyd_pdf_title":"Zobacz produkt: Wytyczne do certyfikacji na zgodno\u015b\u0107 ze standardem IATF 16949, wydanie sz\u00f3ste, 2025","wyd_pdf":"https:\/\/wydawnictwo-sqda.pl\/produkt\/plwytyczne-do-certyfikacji-na-zgodnosc-ze-standardem-iatf-16949-wydanie-szoste-2025-polska-wersja-jezykowa\/","wyd_pdf_title_2":"Pobierz wykaz najwa\u017cniejszych zmian","wyd_pdf_2":"https:\/\/wydawnictwo-sqda.pl\/produkt\/wykaz-najwazniejszych-zmian-wytyczne-do-certyfikacji-na-zgodnosc-ze-standardem-iatf-16949-wydanie-6-pl\/","show_price_check":"0","free_gifts":[],"trans_content_long":"","trans_content_short":"","id_wpisu":"","powiazane_szkolenia":""},"tiered_pricing_type":"fixed","tiered_pricing_fixed_rules":[],"tiered_pricing_product_settings":{"layout":"default","base_unit_name":{"singular":null,"plural":null},"default_variation":null},"tiered_pricing_minimum_quantity":null,"tiered_pricing_roles_data":[],"tiered_pricing_percentage_rules":[],"_links":{"self":[{"href":"https:\/\/wydawnictwo-sqda.pl\/en\/wp-json\/wp\/v2\/product\/20035","targetHints":{"allow":["GET"]}}],"collection":[{"href":"https:\/\/wydawnictwo-sqda.pl\/en\/wp-json\/wp\/v2\/product"}],"about":[{"href":"https:\/\/wydawnictwo-sqda.pl\/en\/wp-json\/wp\/v2\/types\/product"}],"replies":[{"embeddable":true,"href":"https:\/\/wydawnictwo-sqda.pl\/en\/wp-json\/wp\/v2\/comments?post=20035"}],"wp:featuredmedia":[{"embeddable":true,"href":"https:\/\/wydawnictwo-sqda.pl\/en\/wp-json\/wp\/v2\/media\/702"}],"wp:attachment":[{"href":"https:\/\/wydawnictwo-sqda.pl\/en\/wp-json\/wp\/v2\/media?parent=20035"}],"wp:term":[{"taxonomy":"product_brand","embeddable":true,"href":"https:\/\/wydawnictwo-sqda.pl\/en\/wp-json\/wp\/v2\/product_brand?post=20035"},{"taxonomy":"product_cat","embeddable":true,"href":"https:\/\/wydawnictwo-sqda.pl\/en\/wp-json\/wp\/v2\/product_cat?post=20035"},{"taxonomy":"product_tag","embeddable":true,"href":"https:\/\/wydawnictwo-sqda.pl\/en\/wp-json\/wp\/v2\/product_tag?post=20035"}],"curies":[{"name":"wp","href":"https:\/\/api.w.org\/{rel}","templated":true}]}}