{"id":19902,"date":"2024-10-24T08:31:08","date_gmt":"2024-10-24T06:31:08","guid":{"rendered":"https:\/\/wydawnictwo-sqda.pl\/?post_type=product&#038;p=19902"},"modified":"2026-03-19T14:11:14","modified_gmt":"2026-03-19T13:11:14","slug":"zapewnienie-jakosci-na-mapie-procesow-rozdzial-3-metody","status":"publish","type":"product","link":"https:\/\/wydawnictwo-sqda.pl\/en\/product\/zapewnienie-jakosci-na-mapie-procesow-rozdzial-3-metody\/","title":{"rendered":"VDA 4 Zapewnienie jako\u015bci na mapie proces\u00f3w: Rozdzia\u0142 3: Metody"},"content":{"rendered":"<p>Post\u0119puj\u0105cy rozw\u00f3j zarz\u0105dzania jako\u015bci\u0105 w przemy\u015ble motoryzacyjnym wymaga\u0142 pe\u0142nej rewizji tomu VDA 4, zar\u00f3wno pod wzgl\u0119dem tre\u015bci, jak i kwestii redakcyjnych.<\/p>\n<p>Zmiany tre\u015bci dokonano g\u0142\u00f3wnie w nast\u0119puj\u0105cych obszarach:<\/p>\n<ul>\n<li>integracja rozdzia\u0142u dotycz\u0105cego metody 5x dlaczego (5-Why),<\/li>\n<li>integracja modelu wyboru metody z dawnego tomu VDA 14,<\/li>\n<li>streszczenie metody FMEA i 8D ze wzgl\u0119du na ich przeniesienie do szczeg\u00f3\u0142owych i niezale\u017cnych tom\u00f3w VDA,<\/li>\n<li>integracja dalszego rozwoju i nowych spostrze\u017ce\u0144 w opisach r\u00f3\u017cnych metod,<\/li>\n<li>likwidacja struktury ko\u0142onotatnika: to wydanie jest dost\u0119pne w formie monografii wydanej w czterech tomach, co pomaga poprawi\u0107 przejrzysto\u015b\u0107 i \u0142atwo\u015b\u0107 odniesienia.<\/li>\n<\/ul>\n<p>Przegl\u0105d rozdzia\u0142\u00f3w tomu VDA 4 \u2013 Zapewnienie jako\u015bci na mapie proces\u00f3w<\/p>\n<p><strong>Rozdzia\u0142 1: Og\u00f3lne<\/strong><br \/>\nPrzegl\u0105d metod, podstawowe narz\u0119dzia, procesy rozwoju.<\/p>\n<p><strong>Rozdzia\u0142 2: Analizy ryzyka<\/strong><br \/>\nAnaliza drzewa b\u0142\u0119d\u00f3w (FTA), analiza rodzaju i skutk\u00f3w b\u0142\u0119du (FMEA), analiza SWOT (mocne strony \u2013 s\u0142abe strony \/ szanse \u2013 zagro\u017cenia).<\/p>\n<p><strong>Rozdzia\u0142 3: Metody<br \/>\n<\/strong>Projektowanie dla proces\u00f3w wytwarzania i monta\u017cowych DFMA (ang. Design for Manufacturing and Assembly), model projektowania wspomaganego cyfrowo DMU (ang. Digital Mock-Up), projektowanie eksperyment\u00f3w DoE (ang. Design of Experiments) \u2013 metoda przeprowadzania pr\u00f3b, analiza wykonalno\u015bci, Poka-Yoke, dopasowanie funkcji jako\u015bci QFD (ang. Quality Function Deployment), teoria nowatorskiego rozwi\u0105zywania problem\u00f3w TRIZ, ekonomiczne projektowanie procesu i kontrola procesu, metoda 8D, metoda 5x dlaczego (5 Why), wyb\u00f3r zapobiegawczych metod zarz\u0105dzania jako\u015bci\u0105.<\/p>\n<p><strong>Rozdzia\u0142 4: Modele post\u0119powania<\/strong><br \/>\nSix Sigma, projektowanie proces\u00f3w dla Six Sigma DFSS (ang. Design for Six Sigma), tolerowanie proces\u00f3w w aspekcie ekonomicznym.<\/p>","protected":false},"excerpt":{"rendered":"<p>Wydanie trzecie, sierpie\u0144 2020<\/p>\n<p>W podr\u0119czniku VDA 4 rozdzia\u0142 3 om\u00f3wiono szczeg\u00f3\u0142owo metody wykorzystywane na r\u00f3\u017cnych etapach proces\u00f3w jako\u015bciowych. Wydanie to skupia si\u0119 na narz\u0119dziach i technikach wspieraj\u0105cych takie dzia\u0142ania jak rozw\u00f3j wyrob\u00f3w, planowanie jako\u015bci, statystyczna ocena procesu oraz rozwi\u0105zywanie problem\u00f3w. Materia\u0142 zawarty w nim b\u0119dzie pomocny zar\u00f3wno w kontek\u015bcie proces\u00f3w in\u017cynieryjnych, jak i operacji o charakterze niein\u017cynieryjnym.<\/p>","protected":false},"featured_media":19935,"comment_status":"open","ping_status":"closed","template":"","meta":[],"product_brand":[],"product_cat":[19,37],"product_tag":[],"class_list":{"0":"post-19902","1":"product","2":"type-product","3":"status-publish","4":"has-post-thumbnail","6":"product_cat-publikacje-vda","7":"product_cat-polskojezyczne","9":"first","10":"instock","11":"taxable","12":"shipping-taxable","13":"purchasable","14":"product-type-simple"},"meta_box":{"wyd_pdf_title":"","wyd_pdf":"","wyd_pdf_title_2":"","wyd_pdf_2":"","show_price_check":"0","free_gifts":[],"trans_content_long":"<p>Post\u0119puj\u0105cy rozw\u00f3j zarz\u0105dzania jako\u015bci\u0105 w przemy\u015ble motoryzacyjnym wymaga\u0142 pe\u0142nej rewizji tomu VDA 4, zar\u00f3wno pod wzgl\u0119dem tre\u015bci, jak i kwestii redakcyjnych.<\/p>\n<p>Zmiany tre\u015bci dokonano g\u0142\u00f3wnie w nast\u0119puj\u0105cych obszarach:<\/p>\n<ul>\n<li>integracja rozdzia\u0142u dotycz\u0105cego metody 5x dlaczego (5-Why),<\/li>\n<li>integracja modelu wyboru metody z dawnego tomu VDA 14,<\/li>\n<li>streszczenie metody FMEA i 8D ze wzgl\u0119du na ich przeniesienie do szczeg\u00f3\u0142owych i niezale\u017cnych tom\u00f3w VDA,<\/li>\n<li>integracja dalszego rozwoju i nowych spostrze\u017ce\u0144 w opisach r\u00f3\u017cnych metod,<\/li>\n<li>likwidacja struktury ko\u0142onotatnika: to wydanie jest dost\u0119pne w formie monografii wydanej w czterech tomach, co pomaga poprawi\u0107 przejrzysto\u015b\u0107 i \u0142atwo\u015b\u0107 odniesienia.<\/li>\n<\/ul>\n<p>Przegl\u0105d rozdzia\u0142\u00f3w tomu VDA 4 \u2013 Zapewnienie jako\u015bci na mapie proces\u00f3w<\/p>\n<p><strong>Rozdzia\u0142 1: Og\u00f3lne<\/strong><br \/>\nPrzegl\u0105d metod, podstawowe narz\u0119dzia, procesy rozwoju.<\/p>\n<p><strong>Rozdzia\u0142 2: Analizy ryzyka<\/strong><br \/>\nAnaliza drzewa b\u0142\u0119d\u00f3w (FTA), analiza rodzaju i skutk\u00f3w b\u0142\u0119du (FMEA), analiza SWOT (mocne strony \u2013 s\u0142abe strony \/ szanse \u2013 zagro\u017cenia).<\/p>\n<p><strong>Rozdzia\u0142 3: Metody<br \/>\n<\/strong>Projektowanie dla proces\u00f3w wytwarzania i monta\u017cowych DFMA (ang. Design for Manufacturing and Assembly), model projektowania wspomaganego cyfrowo DMU (ang. Digital Mock-Up), projektowanie eksperyment\u00f3w DoE (ang. Design of Experiments) \u2013 metoda przeprowadzania pr\u00f3b, analiza wykonalno\u015bci, Poka-Yoke, dopasowanie funkcji jako\u015bci QFD (ang. Quality Function Deployment), teoria nowatorskiego rozwi\u0105zywania problem\u00f3w TRIZ, ekonomiczne projektowanie procesu i kontrola procesu, metoda 8D, metoda 5x dlaczego (5 Why), wyb\u00f3r zapobiegawczych metod zarz\u0105dzania jako\u015bci\u0105.<\/p>\n<p><strong>Rozdzia\u0142 4: Modele post\u0119powania<\/strong><br \/>\nSix Sigma, projektowanie proces\u00f3w dla Six Sigma DFSS (ang. Design for Six Sigma), tolerowanie proces\u00f3w w aspekcie ekonomicznym.<\/p>\n","trans_content_short":"<p>Wydanie trzecie, sierpie\u0144 2020<\/p>\n<p>W podr\u0119czniku VDA 4 rozdzia\u0142 3 om\u00f3wiono szczeg\u00f3\u0142owo metody wykorzystywane na r\u00f3\u017cnych etapach proces\u00f3w jako\u015bciowych. Wydanie to skupia si\u0119 na narz\u0119dziach i technikach wspieraj\u0105cych takie dzia\u0142ania jak rozw\u00f3j wyrob\u00f3w, planowanie jako\u015bci, statystyczna ocena procesu oraz rozwi\u0105zywanie problem\u00f3w. Materia\u0142 zawarty w nim b\u0119dzie pomocny zar\u00f3wno w kontek\u015bcie proces\u00f3w in\u017cynieryjnych, jak i operacji o charakterze niein\u017cynieryjnym.<\/p>\n","id_wpisu":"","powiazane_szkolenia":""},"tiered_pricing_type":"fixed","tiered_pricing_fixed_rules":[],"tiered_pricing_product_settings":{"layout":"default","base_unit_name":{"singular":null,"plural":null},"default_variation":null},"tiered_pricing_minimum_quantity":null,"tiered_pricing_roles_data":[],"tiered_pricing_percentage_rules":[],"_links":{"self":[{"href":"https:\/\/wydawnictwo-sqda.pl\/en\/wp-json\/wp\/v2\/product\/19902","targetHints":{"allow":["GET"]}}],"collection":[{"href":"https:\/\/wydawnictwo-sqda.pl\/en\/wp-json\/wp\/v2\/product"}],"about":[{"href":"https:\/\/wydawnictwo-sqda.pl\/en\/wp-json\/wp\/v2\/types\/product"}],"replies":[{"embeddable":true,"href":"https:\/\/wydawnictwo-sqda.pl\/en\/wp-json\/wp\/v2\/comments?post=19902"}],"wp:featuredmedia":[{"embeddable":true,"href":"https:\/\/wydawnictwo-sqda.pl\/en\/wp-json\/wp\/v2\/media\/19935"}],"wp:attachment":[{"href":"https:\/\/wydawnictwo-sqda.pl\/en\/wp-json\/wp\/v2\/media?parent=19902"}],"wp:term":[{"taxonomy":"product_brand","embeddable":true,"href":"https:\/\/wydawnictwo-sqda.pl\/en\/wp-json\/wp\/v2\/product_brand?post=19902"},{"taxonomy":"product_cat","embeddable":true,"href":"https:\/\/wydawnictwo-sqda.pl\/en\/wp-json\/wp\/v2\/product_cat?post=19902"},{"taxonomy":"product_tag","embeddable":true,"href":"https:\/\/wydawnictwo-sqda.pl\/en\/wp-json\/wp\/v2\/product_tag?post=19902"}],"curies":[{"name":"wp","href":"https:\/\/api.w.org\/{rel}","templated":true}]}}