{"id":19801,"date":"2024-10-03T07:30:36","date_gmt":"2024-10-03T05:30:36","guid":{"rendered":"https:\/\/wydawnictwo-sqda.pl\/?post_type=product&#038;p=19801"},"modified":"2025-10-27T08:27:30","modified_gmt":"2025-10-27T07:27:30","slug":"aiag-vda-fmea-pl","status":"publish","type":"product","link":"https:\/\/wydawnictwo-sqda.pl\/en\/product\/aiag-vda-fmea-pl\/","title":{"rendered":"AIAG &#038; VDA FMEA (PL)"},"content":{"rendered":"<p>Podr\u0119cznik AIAG &amp; VDA-FMEA s\u0142u\u017cy jako narz\u0119dzie pomocnicze dla dostawc\u00f3w w przemy\u015ble motoryzacyjnym przy tworzeniu FMEA wyrobu, FMEA procesu i FMEA uzupe\u0142niaj\u0105cego do monitorowania reakcji systemu.<\/p>\n<p>Podr\u0119cznik nie definiuje wymaga\u0144, wyja\u015bnia jedynie kroki, procedury, narz\u0119dzia niezb\u0119dne do technicznego stworzenia FMEA. Zwr\u00f3cono przy tym uwag\u0119 na zharmonizowanie podr\u0119cznika AIAG &amp; VDA-FMEA ze standardem SAE J1739<\/p>\n<p>Najwa\u017cniejsze zmiany w por\u00f3wnaniu z 4. Wydaniem podr\u0119cznika AIAG FMEA i tomem VDA4 zosta\u0142y wyszczeg\u00f3lnione w Za\u0142\u0105czniku F.<\/p>\n<p>Prawa autorskie do niniejszego podr\u0119cznika posiada AIAG oraz VDA, wszelkie prawa zastrze\u017cone.<\/p>\n<p><b>Podr\u0119cznik w j\u0119zyku polskim. <\/b><\/p>","protected":false},"excerpt":{"rendered":"<p>Podr\u0119cznik AIAG &amp; VDA-FMEA s\u0142u\u017cy jako narz\u0119dzie pomocnicze dla dostawc\u00f3w w przemy\u015ble motoryzacyjnym przy tworzeniu FMEA wyrobu, FMEA procesu i FMEA uzupe\u0142niaj\u0105cego do monitorowania reakcji systemu. Podr\u0119cznik nie definiuje wymaga\u0144, wyja\u015bnia jedynie kroki, procedury, narz\u0119dzia niezb\u0119dne do technicznego stworzenia FMEA. Zwr\u00f3cono przy tym uwag\u0119 na zharmonizowanie podr\u0119cznika AIAG &amp; VDA-FMEA ze standardem SAE J1739 Najwa\u017cniejsze [&hellip;]<\/p>\n","protected":false},"featured_media":19802,"comment_status":"open","ping_status":"closed","template":"","meta":[],"product_brand":[],"product_cat":[19,37],"product_tag":[],"class_list":{"0":"post-19801","1":"product","2":"type-product","3":"status-publish","4":"has-post-thumbnail","6":"product_cat-publikacje-vda","7":"product_cat-polskojezyczne","9":"first","10":"instock","11":"taxable","12":"shipping-taxable","13":"product-type-simple"},"meta_box":{"wyd_pdf_title":"","wyd_pdf":"","wyd_pdf_title_2":"","wyd_pdf_2":"","show_price_check":"1","free_gifts":[],"trans_content_long":"","trans_content_short":"","id_wpisu":"48413,65254","powiazane_szkolenia":"2217,10715,2371,16536,10671,38876"},"tiered_pricing_type":"fixed","tiered_pricing_fixed_rules":[],"tiered_pricing_product_settings":{"layout":"default","base_unit_name":{"singular":null,"plural":null},"default_variation":null},"tiered_pricing_minimum_quantity":null,"tiered_pricing_roles_data":[],"tiered_pricing_percentage_rules":[],"_links":{"self":[{"href":"https:\/\/wydawnictwo-sqda.pl\/en\/wp-json\/wp\/v2\/product\/19801","targetHints":{"allow":["GET"]}}],"collection":[{"href":"https:\/\/wydawnictwo-sqda.pl\/en\/wp-json\/wp\/v2\/product"}],"about":[{"href":"https:\/\/wydawnictwo-sqda.pl\/en\/wp-json\/wp\/v2\/types\/product"}],"replies":[{"embeddable":true,"href":"https:\/\/wydawnictwo-sqda.pl\/en\/wp-json\/wp\/v2\/comments?post=19801"}],"wp:featuredmedia":[{"embeddable":true,"href":"https:\/\/wydawnictwo-sqda.pl\/en\/wp-json\/wp\/v2\/media\/19802"}],"wp:attachment":[{"href":"https:\/\/wydawnictwo-sqda.pl\/en\/wp-json\/wp\/v2\/media?parent=19801"}],"wp:term":[{"taxonomy":"product_brand","embeddable":true,"href":"https:\/\/wydawnictwo-sqda.pl\/en\/wp-json\/wp\/v2\/product_brand?post=19801"},{"taxonomy":"product_cat","embeddable":true,"href":"https:\/\/wydawnictwo-sqda.pl\/en\/wp-json\/wp\/v2\/product_cat?post=19801"},{"taxonomy":"product_tag","embeddable":true,"href":"https:\/\/wydawnictwo-sqda.pl\/en\/wp-json\/wp\/v2\/product_tag?post=19801"}],"curies":[{"name":"wp","href":"https:\/\/api.w.org\/{rel}","templated":true}]}}