{"id":19787,"date":"2024-10-01T14:43:24","date_gmt":"2024-10-01T12:43:24","guid":{"rendered":"https:\/\/wydawnictwo-sqda.pl\/?post_type=product&#038;p=19787"},"modified":"2025-03-03T08:26:56","modified_gmt":"2025-03-03T07:26:56","slug":"sqda-events-jakosc-w-dzialaniu-numer-02","status":"publish","type":"product","link":"https:\/\/wydawnictwo-sqda.pl\/en\/product\/sqda-events-jakosc-w-dzialaniu-numer-02\/","title":{"rendered":"SQDA Events: Jako\u015b\u0107 w Dzia\u0142aniu Numer 02"},"content":{"rendered":"<p>Drugie wydanie magazynu SQDA Events: Jako\u015b\u0107 w Dzia\u0142aniu jest dedykowane wszystkim pasjonatom i profesjonalistom z bran\u017cy motoryzacyjnej, kt\u00f3rzy pragn\u0105 poszerza\u0107 swoj\u0105 wiedz\u0119 o jako\u015bci. W tym numerze znajdziecie szereg warto\u015bciowych tre\u015bci, w tym:<\/p>\n<ul>\n<li><strong>Podcast AUTODRAMA<\/strong> \u2013 QS PACT, w kt\u00f3rym eksperci dziel\u0105 si\u0119 praktycznymi wskaz\u00f3wkami, jak przetrwa\u0107 w dynamicznie zmieniaj\u0105cym si\u0119 \u015bwiecie automotive.<\/li>\n<li>Artyku\u0142 dotycz\u0105cy <strong>wymaga\u0144 prawnych w bran\u017cy motoryzacyjnej<\/strong>, kt\u00f3re stanowi\u0105 klucz do zapewnienia bezpiecze\u0144stwa i wysokiej jako\u015bci produkt\u00f3w.<\/li>\n<li>Om\u00f3wienie roli <strong>PSCR<\/strong> \u2013 Przedstawiciela ds. bezpiecze\u0144stwa i zgodno\u015bci wyrobu w organizacji, jego zada\u0144 oraz wp\u0142ywu na jako\u015b\u0107.<\/li>\n<li>Temat <strong>umiej\u0119tno\u015bci przysz\u0142o\u015bci<\/strong>, koncentruj\u0105cy si\u0119 na automatyzacji i robotyzacji w organizacji, kt\u00f3re staj\u0105 si\u0119 niezb\u0119dne w nowoczesnym przemy\u015ble.<\/li>\n<\/ul>\n<p>Magazyn zosta\u0142 stworzony z my\u015bl\u0105 o naszych czytelnikach, kt\u00f3rzy pragn\u0105 w \u0142atwy i dost\u0119pny spos\u00f3b propagowa\u0107 wiedz\u0119 o jako\u015bci.<\/p>\n<p>Zapraszamy do lektury i wsp\u00f3lnego odkrywania \u015bwiata jako\u015bci w bran\u017cy motoryzacyjnej!<\/p>","protected":false},"excerpt":{"rendered":"<p>Drugie wydanie magazynu SQDA Events: Jako\u015b\u0107 w Dzia\u0142aniu jest dedykowane wszystkim pasjonatom i profesjonalistom z bran\u017cy motoryzacyjnej, kt\u00f3rzy pragn\u0105 poszerza\u0107 swoj\u0105 wiedz\u0119 o jako\u015bci. W tym numerze znajdziecie szereg warto\u015bciowych tre\u015bci, w tym: Podcast AUTODRAMA \u2013 QS PACT, w kt\u00f3rym eksperci dziel\u0105 si\u0119 praktycznymi wskaz\u00f3wkami, jak przetrwa\u0107 w dynamicznie zmieniaj\u0105cym si\u0119 \u015bwiecie automotive. Artyku\u0142 dotycz\u0105cy [&hellip;]<\/p>\n","protected":false},"featured_media":19792,"comment_status":"open","ping_status":"closed","template":"","meta":[],"product_brand":[],"product_cat":[94],"product_tag":[],"class_list":{"0":"post-19787","1":"product","2":"type-product","3":"status-publish","4":"has-post-thumbnail","6":"product_cat-czasopismo","8":"first","9":"instock","10":"downloadable","11":"virtual","12":"taxable","13":"purchasable","14":"product-type-simple"},"meta_box":{"wyd_pdf_title":"","wyd_pdf":"","wyd_pdf_title_2":"","wyd_pdf_2":"","show_price_check":"","free_gifts":[],"trans_content_long":"","trans_content_short":"","id_wpisu":"","powiazane_szkolenia":""},"tiered_pricing_type":"fixed","tiered_pricing_fixed_rules":[],"tiered_pricing_product_settings":{"layout":"default","base_unit_name":{"singular":null,"plural":null},"default_variation":null},"tiered_pricing_minimum_quantity":null,"tiered_pricing_roles_data":[],"tiered_pricing_percentage_rules":[],"_links":{"self":[{"href":"https:\/\/wydawnictwo-sqda.pl\/en\/wp-json\/wp\/v2\/product\/19787","targetHints":{"allow":["GET"]}}],"collection":[{"href":"https:\/\/wydawnictwo-sqda.pl\/en\/wp-json\/wp\/v2\/product"}],"about":[{"href":"https:\/\/wydawnictwo-sqda.pl\/en\/wp-json\/wp\/v2\/types\/product"}],"replies":[{"embeddable":true,"href":"https:\/\/wydawnictwo-sqda.pl\/en\/wp-json\/wp\/v2\/comments?post=19787"}],"wp:featuredmedia":[{"embeddable":true,"href":"https:\/\/wydawnictwo-sqda.pl\/en\/wp-json\/wp\/v2\/media\/19792"}],"wp:attachment":[{"href":"https:\/\/wydawnictwo-sqda.pl\/en\/wp-json\/wp\/v2\/media?parent=19787"}],"wp:term":[{"taxonomy":"product_brand","embeddable":true,"href":"https:\/\/wydawnictwo-sqda.pl\/en\/wp-json\/wp\/v2\/product_brand?post=19787"},{"taxonomy":"product_cat","embeddable":true,"href":"https:\/\/wydawnictwo-sqda.pl\/en\/wp-json\/wp\/v2\/product_cat?post=19787"},{"taxonomy":"product_tag","embeddable":true,"href":"https:\/\/wydawnictwo-sqda.pl\/en\/wp-json\/wp\/v2\/product_tag?post=19787"}],"curies":[{"name":"wp","href":"https:\/\/api.w.org\/{rel}","templated":true}]}}