{"id":19784,"date":"2024-10-01T14:42:03","date_gmt":"2024-10-01T12:42:03","guid":{"rendered":"https:\/\/wydawnictwo-sqda.pl\/?post_type=product&#038;p=19784"},"modified":"2025-03-26T12:46:51","modified_gmt":"2025-03-26T11:46:51","slug":"sqda-events-jakosc-w-dzialaniu","status":"publish","type":"product","link":"https:\/\/wydawnictwo-sqda.pl\/en\/product\/sqda-events-jakosc-w-dzialaniu\/","title":{"rendered":"SQDA Events: Jako\u015b\u0107 w Dzia\u0142aniu Numer 01"},"content":{"rendered":"<p>Zapraszamy do lektury naszego nowego ebooka: <strong>SQDA Events: Jako\u015b\u0107 w Dzia\u0142aniu<\/strong>. To magazyn, kt\u00f3ry dostarcza naj\u015bwie\u017csze informacje i warto\u015bciowe artyku\u0142y, tworzone przez naszych do\u015bwiadczonych trener\u00f3w z SQDA.<\/p>\n<p>W ka\u017cdym numerze znajdziesz:<\/p>\n<ul>\n<li><strong>Eksperckie artyku\u0142y<\/strong> naszych trener\u00f3w, kt\u00f3rzy dziel\u0105 si\u0119 swoj\u0105 wiedz\u0105 i do\u015bwiadczeniem z zakresu bran\u017cy automotive, bhp oraz zdrowia.<\/li>\n<li><strong>Nowo\u015bci wydawnicze<\/strong> &#8211; najnowsze ksi\u0105\u017cki i publikacje, kt\u00f3re warto przeczyta\u0107, aby by\u0107 na bie\u017c\u0105co z trendami i nowo\u015bciami w bran\u017cy.<\/li>\n<li><strong>Aktualno\u015bci firmowe<\/strong> &#8211; dowiedz si\u0119, co dzieje si\u0119 w naszej firmie, poznaj nadchodz\u0105ce wydarzenia, szkolenia i projekty, nad kt\u00f3rymi pracujemy.<\/li>\n<\/ul>\n<p>Nasz magazyn jest dost\u0119pny do <strong>pobrania za darmo<\/strong>! Mo\u017cesz go r\u00f3wnie\u017c wykorzystywa\u0107 w firmach w wersji papierowej, co czyni go idealnym narz\u0119dziem do dzielenia si\u0119 wiedz\u0105 i inspiracj\u0105 w miejscu pracy.<\/p>\n<p><strong>Pobierz teraz i ciesz si\u0119 jako\u015bci\u0105 w dzia\u0142aniu z SQDA!<\/strong><\/p>","protected":false},"excerpt":{"rendered":"<p>Zapraszamy do lektury naszego nowego ebooka: SQDA Events: Jako\u015b\u0107 w Dzia\u0142aniu. To magazyn, kt\u00f3ry dostarcza naj\u015bwie\u017csze informacje i warto\u015bciowe artyku\u0142y, tworzone przez naszych do\u015bwiadczonych trener\u00f3w z SQDA. W ka\u017cdym numerze znajdziesz: Eksperckie artyku\u0142y naszych trener\u00f3w, kt\u00f3rzy dziel\u0105 si\u0119 swoj\u0105 wiedz\u0105 i do\u015bwiadczeniem z zakresu bran\u017cy automotive, bhp oraz zdrowia. Nowo\u015bci wydawnicze &#8211; najnowsze ksi\u0105\u017cki i [&hellip;]<\/p>\n","protected":false},"featured_media":19791,"comment_status":"open","ping_status":"closed","template":"","meta":[],"product_brand":[],"product_cat":[94],"product_tag":[],"class_list":{"0":"post-19784","1":"product","2":"type-product","3":"status-publish","4":"has-post-thumbnail","6":"product_cat-czasopismo","8":"first","9":"instock","10":"downloadable","11":"virtual","12":"taxable","13":"purchasable","14":"product-type-simple"},"meta_box":{"wyd_pdf_title":"","wyd_pdf":"","wyd_pdf_title_2":"","wyd_pdf_2":"","show_price_check":"0","free_gifts":[],"trans_content_long":"","trans_content_short":"","id_wpisu":"","powiazane_szkolenia":""},"tiered_pricing_type":"fixed","tiered_pricing_fixed_rules":[],"tiered_pricing_product_settings":{"layout":"default","base_unit_name":{"singular":null,"plural":null},"default_variation":null},"tiered_pricing_minimum_quantity":null,"tiered_pricing_roles_data":[],"tiered_pricing_percentage_rules":[],"_links":{"self":[{"href":"https:\/\/wydawnictwo-sqda.pl\/en\/wp-json\/wp\/v2\/product\/19784","targetHints":{"allow":["GET"]}}],"collection":[{"href":"https:\/\/wydawnictwo-sqda.pl\/en\/wp-json\/wp\/v2\/product"}],"about":[{"href":"https:\/\/wydawnictwo-sqda.pl\/en\/wp-json\/wp\/v2\/types\/product"}],"replies":[{"embeddable":true,"href":"https:\/\/wydawnictwo-sqda.pl\/en\/wp-json\/wp\/v2\/comments?post=19784"}],"wp:featuredmedia":[{"embeddable":true,"href":"https:\/\/wydawnictwo-sqda.pl\/en\/wp-json\/wp\/v2\/media\/19791"}],"wp:attachment":[{"href":"https:\/\/wydawnictwo-sqda.pl\/en\/wp-json\/wp\/v2\/media?parent=19784"}],"wp:term":[{"taxonomy":"product_brand","embeddable":true,"href":"https:\/\/wydawnictwo-sqda.pl\/en\/wp-json\/wp\/v2\/product_brand?post=19784"},{"taxonomy":"product_cat","embeddable":true,"href":"https:\/\/wydawnictwo-sqda.pl\/en\/wp-json\/wp\/v2\/product_cat?post=19784"},{"taxonomy":"product_tag","embeddable":true,"href":"https:\/\/wydawnictwo-sqda.pl\/en\/wp-json\/wp\/v2\/product_tag?post=19784"}],"curies":[{"name":"wp","href":"https:\/\/api.w.org\/{rel}","templated":true}]}}