{"id":331,"date":"2024-04-24T12:35:12","date_gmt":"2024-04-24T10:35:12","guid":{"rendered":"https:\/\/2024.wydawnictwo-sqda.pl\/?page_id=331"},"modified":"2024-11-12T13:22:54","modified_gmt":"2024-11-12T12:22:54","slug":"kontakt","status":"publish","type":"page","link":"https:\/\/wydawnictwo-sqda.pl\/en\/kontakt\/","title":{"rendered":"Contact"},"content":{"rendered":"\t\t<div data-elementor-type=\"wp-page\" data-elementor-id=\"331\" class=\"elementor elementor-331\" data-elementor-post-type=\"page\">\n\t\t\t\t<div class=\"elementor-element elementor-element-082d93c e-con-full e-flex e-con e-parent\" data-id=\"082d93c\" data-element_type=\"container\" data-e-type=\"container\">\n\t\t<div class=\"elementor-element elementor-element-e509785 e-con-full e-flex e-con e-child\" data-id=\"e509785\" data-element_type=\"container\" data-e-type=\"container\">\n\t\t\t\t<div class=\"elementor-element elementor-element-5f57363 elementor-widget elementor-widget-text-editor\" data-id=\"5f57363\" data-element_type=\"widget\" data-e-type=\"widget\" data-widget_type=\"text-editor.default\">\n\t\t\t\t<div class=\"elementor-widget-container\">\n\t\t\t\t\t\t\t\t\t<p>Potrzebujesz dodatkowych informacji odno\u015bnie naszych publikacji? Pojawi\u0142 si\u0119 problem z zam\u00f3wieniem? Napisz do nas, a nasz konsultant skontaktuje si\u0119 z Tob\u0105 i odpowie na wszystkie pytania.<\/p>\t\t\t\t\t\t\t\t<\/div>\n\t\t\t\t<\/div>\n\t\t\t\t<div class=\"elementor-element elementor-element-a0631c6 elementor-icon-list--layout-traditional elementor-list-item-link-full_width elementor-widget elementor-widget-icon-list\" data-id=\"a0631c6\" data-element_type=\"widget\" data-e-type=\"widget\" data-widget_type=\"icon-list.default\">\n\t\t\t\t<div class=\"elementor-widget-container\">\n\t\t\t\t\t\t\t<ul class=\"elementor-icon-list-items\">\n\t\t\t\t\t\t\t<li class=\"elementor-icon-list-item\">\n\t\t\t\t\t\t\t\t\t\t\t<a href=\"tel:+48323263008\">\n\n\t\t\t\t\t\t\t\t\t\t\t\t<span class=\"elementor-icon-list-icon\">\n\t\t\t\t\t\t\t<svg aria-hidden=\"true\" class=\"e-font-icon-svg e-fas-phone-square-alt\" viewBox=\"0 0 448 512\" xmlns=\"http:\/\/www.w3.org\/2000\/svg\"><path d=\"M400 32H48A48 48 0 0 0 0 80v352a48 48 0 0 0 48 48h352a48 48 0 0 0 48-48V80a48 48 0 0 0-48-48zm-16.39 307.37l-15 65A15 15 0 0 1 354 416C194 416 64 286.29 64 126a15.7 15.7 0 0 1 11.63-14.61l65-15A18.23 18.23 0 0 1 144 96a16.27 16.27 0 0 1 13.79 9.09l30 70A17.9 17.9 0 0 1 189 181a17 17 0 0 1-5.5 11.61l-37.89 31a231.91 231.91 0 0 0 110.78 110.78l31-37.89A17 17 0 0 1 299 291a17.85 17.85 0 0 1 5.91 1.21l70 30A16.25 16.25 0 0 1 384 336a17.41 17.41 0 0 1-.39 3.37z\"><\/path><\/svg>\t\t\t\t\t\t<\/span>\n\t\t\t\t\t\t\t\t\t\t<span class=\"elementor-icon-list-text\">+48 32 326 30 08<\/span>\n\t\t\t\t\t\t\t\t\t\t\t<\/a>\n\t\t\t\t\t\t\t\t\t<\/li>\n\t\t\t\t\t\t\t\t<li class=\"elementor-icon-list-item\">\n\t\t\t\t\t\t\t\t\t\t\t<a href=\"mailto:wydawnictwo@sqda.pl\">\n\n\t\t\t\t\t\t\t\t\t\t\t\t<span class=\"elementor-icon-list-icon\">\n\t\t\t\t\t\t\t<svg aria-hidden=\"true\" class=\"e-font-icon-svg e-fas-envelope-square\" viewBox=\"0 0 448 512\" xmlns=\"http:\/\/www.w3.org\/2000\/svg\"><path d=\"M400 32H48C21.49 32 0 53.49 0 80v352c0 26.51 21.49 48 48 48h352c26.51 0 48-21.49 48-48V80c0-26.51-21.49-48-48-48zM178.117 262.104C87.429 196.287 88.353 196.121 64 177.167V152c0-13.255 10.745-24 24-24h272c13.255 0 24 10.745 24 24v25.167c-24.371 18.969-23.434 19.124-114.117 84.938-10.5 7.655-31.392 26.12-45.883 25.894-14.503.218-35.367-18.227-45.883-25.895zM384 217.775V360c0 13.255-10.745 24-24 24H88c-13.255 0-24-10.745-24-24V217.775c13.958 10.794 33.329 25.236 95.303 70.214 14.162 10.341 37.975 32.145 64.694 32.01 26.887.134 51.037-22.041 64.72-32.025 61.958-44.965 81.325-59.406 95.283-70.199z\"><\/path><\/svg>\t\t\t\t\t\t<\/span>\n\t\t\t\t\t\t\t\t\t\t<span class=\"elementor-icon-list-text\">wydawnictwo@sqda.pl<\/span>\n\t\t\t\t\t\t\t\t\t\t\t<\/a>\n\t\t\t\t\t\t\t\t\t<\/li>\n\t\t\t\t\t\t<\/ul>\n\t\t\t\t\t\t<\/div>\n\t\t\t\t<\/div>\n\t\t\t\t<div class=\"elementor-element elementor-element-69ff404 elementor-button-align-stretch elementor-widget elementor-widget-form\" data-id=\"69ff404\" data-element_type=\"widget\" data-e-type=\"widget\" data-settings=\"{&quot;step_next_label&quot;:&quot;Nast\\u0119pny&quot;,&quot;step_previous_label&quot;:&quot;Poprzedni&quot;,&quot;button_width&quot;:&quot;100&quot;,&quot;step_type&quot;:&quot;number_text&quot;,&quot;step_icon_shape&quot;:&quot;circle&quot;}\" data-widget_type=\"form.default\">\n\t\t\t\t<div class=\"elementor-widget-container\">\n\t\t\t\t\t\t\t<form class=\"elementor-form\" method=\"post\" name=\"Kontakt\" aria-label=\"Kontakt\">\n\t\t\t<input type=\"hidden\" name=\"post_id\" value=\"331\"\/>\n\t\t\t<input type=\"hidden\" name=\"form_id\" value=\"69ff404\"\/>\n\t\t\t<input type=\"hidden\" name=\"referer_title\" value=\"Kontakt - Wydawnictwo SQD Alliance\" \/>\n\n\t\t\t\t\t\t\t<input type=\"hidden\" name=\"queried_id\" value=\"331\"\/>\n\t\t\t\n\t\t\t<div class=\"elementor-form-fields-wrapper elementor-labels-above\">\n\t\t\t\t\t\t\t\t<div class=\"elementor-field-type-text elementor-field-group elementor-column elementor-field-group-imie elementor-col-50\">\n\t\t\t\t\t\t\t\t\t\t\t\t\t<input size=\"1\" type=\"text\" name=\"form_fields[imie]\" id=\"form-field-imie\" class=\"elementor-field elementor-size-sm  elementor-field-textual\" placeholder=\"Imi\u0119 i nazwisko\">\n\t\t\t\t\t\t\t\t\t\t\t<\/div>\n\t\t\t\t\t\t\t\t<div class=\"elementor-field-type-text elementor-field-group elementor-column elementor-field-group-firma elementor-col-50 elementor-field-required\">\n\t\t\t\t\t\t\t\t\t\t\t\t\t<input size=\"1\" type=\"text\" name=\"form_fields[firma]\" id=\"form-field-firma\" class=\"elementor-field elementor-size-sm  elementor-field-textual\" placeholder=\"Firma\" required=\"required\">\n\t\t\t\t\t\t\t\t\t\t\t<\/div>\n\t\t\t\t\t\t\t\t<div class=\"elementor-field-type-email elementor-field-group elementor-column elementor-field-group-email elementor-col-50 elementor-field-required\">\n\t\t\t\t\t\t\t\t\t\t\t\t\t<input size=\"1\" type=\"email\" name=\"form_fields[email]\" id=\"form-field-email\" class=\"elementor-field elementor-size-sm  elementor-field-textual\" placeholder=\"E-mail\" required=\"required\">\n\t\t\t\t\t\t\t\t\t\t\t<\/div>\n\t\t\t\t\t\t\t\t<div class=\"elementor-field-type-tel elementor-field-group elementor-column elementor-field-group-telefon elementor-col-50 elementor-field-required\">\n\t\t\t\t\t<div style=\"position: relative; width: 100%;\"><input style=\"width: 100%;\" type=\"tel\" name=\"form_fields[telefon]\" id=\"form-field-telefon\" class=\"elementor-field elementor-size-sm  elementor-field-textual\" placeholder=\"Telefon\" required=\"required\" pattern=\"^\\+\\d{1,11}$\" title=\"Telefon powinien by\u0107 poprzedzony + i numerem kierunkowym np. +48555666777\" maxlength=\"12\" oninput=\"validateTel(this)\"><span style=\"position: absolute; right: 5px; top: 50%; transform: translateY(-50%); display: none;\"><img decoding=\"async\" src=\"check-mark-icon.webp\" alt=\"Check Icon\" style=\"width: 24px; height: 24px;\"><\/span><\/div>\t\t\t\t<\/div>\n\t\t\t\t\t\t\t\t<div class=\"elementor-field-type-textarea elementor-field-group elementor-column elementor-field-group-message elementor-col-100\">\n\t\t\t\t\t<textarea class=\"elementor-field-textual elementor-field  elementor-size-sm\" name=\"form_fields[message]\" id=\"form-field-message\" rows=\"4\" placeholder=\"Wiadomo\u015b\u0107\"><\/textarea>\t\t\t\t<\/div>\n\t\t\t\t\t\t\t\t<div class=\"elementor-field-group elementor-column elementor-field-type-submit elementor-col-100 e-form__buttons\">\n\t\t\t\t\t<button class=\"elementor-button elementor-size-sm\" type=\"submit\">\n\t\t\t\t\t\t<span class=\"elementor-button-content-wrapper\">\n\t\t\t\t\t\t\t\t\t\t\t\t\t\t\t\t\t\t\t\t\t\t<span class=\"elementor-button-text\">Wy\u015blij<\/span>\n\t\t\t\t\t\t\t\t\t\t\t\t\t<\/span>\n\t\t\t\t\t<\/button>\n\t\t\t\t<\/div>\n\t\t\t<\/div>\n\t\t<\/form>\n\t\t\t\t\t\t<\/div>\n\t\t\t\t<\/div>\n\t\t\t\t<div class=\"elementor-element elementor-element-f938085 elementor-widget elementor-widget-text-editor\" data-id=\"f938085\" data-element_type=\"widget\" data-e-type=\"widget\" data-widget_type=\"text-editor.default\">\n\t\t\t\t<div class=\"elementor-widget-container\">\n\t\t\t\t\t\t\t\t\t<p>Administratorem danych zawartych w korespondencji e-mail jest SQD Alliance Sp. z o.o. z siedzib\u0105 w Pszczynie przy ulicy Stefana Batorego 19, 43-200 poczta Pszczyna, NIP: 6381701670, REGON: 240513222, wpisana do Krajowego Rejestru S\u0105dowego pod numerem KRS: 0000269551.<\/p><p>Wysy\u0142aj\u0105c wiadomo\u015b\u0107, przekazuj\u0105 nam Pa\u0144stwo adres e-mail oraz inne dane zawarte w tre\u015bci wiadomo\u015bci. Szczeg\u00f3\u0142y dotycz\u0105ce przetwarzania danych s\u0105 dost\u0119pne w <a href=\"https:\/\/wydawnictwo-sqda.pl\/polityka-prywatnosci\/\">Polityce Prywatno\u015bci<\/a> dost\u0119pnej na tej stronie internetowej.<\/p>\t\t\t\t\t\t\t\t<\/div>\n\t\t\t\t<\/div>\n\t\t\t\t<\/div>\n\t\t<div class=\"elementor-element elementor-element-429b4b5 e-con-full elementor-hidden-mobile e-flex e-con e-child\" data-id=\"429b4b5\" data-element_type=\"container\" data-e-type=\"container\" data-settings=\"{&quot;background_background&quot;:&quot;classic&quot;}\">\n\t\t\t\t<\/div>\n\t\t\t\t<\/div>\n\t\t\t\t<\/div>\n\t\t","protected":false},"excerpt":{"rendered":"<p>Potrzebujesz dodatkowych informacji odno\u015bnie naszych publikacji? Pojawi\u0142 si\u0119 problem z zam\u00f3wieniem? Napisz do nas, a nasz konsultant skontaktuje si\u0119 z Tob\u0105 i odpowie na wszystkie pytania. +48 32 326 30 08 wydawnictwo@sqda.pl Administratorem danych zawartych w korespondencji e-mail jest SQD Alliance Sp. z o.o. z siedzib\u0105 w Pszczynie przy ulicy Stefana Batorego 19, 43-200 poczta [&hellip;]<\/p>\n","protected":false},"author":1,"featured_media":0,"parent":0,"menu_order":0,"comment_status":"closed","ping_status":"closed","template":"","meta":{"footnotes":""},"class_list":["post-331","page","type-page","status-publish","hentry"],"meta_box":{"wyd_pdf_title":"","wyd_pdf":"","wyd_pdf_title_2":"","wyd_pdf_2":""},"_links":{"self":[{"href":"https:\/\/wydawnictwo-sqda.pl\/en\/wp-json\/wp\/v2\/pages\/331","targetHints":{"allow":["GET"]}}],"collection":[{"href":"https:\/\/wydawnictwo-sqda.pl\/en\/wp-json\/wp\/v2\/pages"}],"about":[{"href":"https:\/\/wydawnictwo-sqda.pl\/en\/wp-json\/wp\/v2\/types\/page"}],"author":[{"embeddable":true,"href":"https:\/\/wydawnictwo-sqda.pl\/en\/wp-json\/wp\/v2\/users\/1"}],"replies":[{"embeddable":true,"href":"https:\/\/wydawnictwo-sqda.pl\/en\/wp-json\/wp\/v2\/comments?post=331"}],"version-history":[{"count":70,"href":"https:\/\/wydawnictwo-sqda.pl\/en\/wp-json\/wp\/v2\/pages\/331\/revisions"}],"predecessor-version":[{"id":20025,"href":"https:\/\/wydawnictwo-sqda.pl\/en\/wp-json\/wp\/v2\/pages\/331\/revisions\/20025"}],"wp:attachment":[{"href":"https:\/\/wydawnictwo-sqda.pl\/en\/wp-json\/wp\/v2\/media?parent=331"}],"curies":[{"name":"wp","href":"https:\/\/api.w.org\/{rel}","templated":true}]}}