{"id":236,"date":"2024-04-23T12:44:57","date_gmt":"2024-04-23T10:44:57","guid":{"rendered":"https:\/\/2024.wydawnictwo-sqda.pl\/?page_id=236"},"modified":"2024-10-28T09:51:40","modified_gmt":"2024-10-28T08:51:40","slug":"platnosc-i-wysylka","status":"publish","type":"page","link":"https:\/\/wydawnictwo-sqda.pl\/en\/platnosc-i-wysylka\/","title":{"rendered":"Payment and shipping"},"content":{"rendered":"<div data-elementor-type=\"wp-page\" data-elementor-id=\"236\" class=\"elementor elementor-236\" data-elementor-post-type=\"page\">\n\t\t\t\t<div class=\"elementor-element elementor-element-ceceef9 e-con-full e-flex e-con e-parent\" data-id=\"ceceef9\" data-element_type=\"container\" data-e-type=\"container\">\n\t\t\t\t<div class=\"elementor-element elementor-element-a2dbc3d elementor-widget elementor-widget-heading\" data-id=\"a2dbc3d\" data-element_type=\"widget\" data-e-type=\"widget\" data-widget_type=\"heading.default\">\n\t\t\t\t<div class=\"elementor-widget-container\">\n\t\t\t\t\t<h3 class=\"elementor-heading-title elementor-size-default\">Wysy\u0142ka<\/h3>\t\t\t\t<\/div>\n\t\t\t\t<\/div>\n\t\t\t\t<div class=\"elementor-element elementor-element-f8b1919 elementor-widget elementor-widget-text-editor\" data-id=\"f8b1919\" data-element_type=\"widget\" data-e-type=\"widget\" data-widget_type=\"text-editor.default\">\n\t\t\t\t<div class=\"elementor-widget-container\">\n\t\t\t\t\t\t\t\t\t<p>Czas wysy\u0142ki uzale\u017cniony jest od tego, czy produkt znajduje si\u0119 na stanie wydawnictwa, czy jest oznaczony etykiet\u0105 \u201ena zam\u00f3wienie\u201d.<\/p><p>Produkt znajduj\u0105cy si\u0119 fizycznie na stanie wydawnictwa, zostanie przes\u0142any na adres podany podczas zam\u00f3wienia za po\u015brednictwem firmy kurierskiej. Koszt dostawy wynosi 17,14 z\u0142 + 5% VAT (18 z\u0142 brutto).<\/p><p>Wysy\u0142ka zagraniczna produkt\u00f3w znajduj\u0105cych si\u0119 na stanie wynosi 60 z\u0142 (0% VAT).<\/p><p>W przypadku produkt\u00f3w oznaczonych etykiet\u0105 \u201ena zam\u00f3wienie\u201d, konieczne jest uiszczenie dodatkowej op\u0142aty transportowej z magazynu zagranicznego. Koszt ca\u0142kowity dostawy wynosi 130 z\u0142 + 5% VAT (136,50 z\u0142 brutto).<\/p><p>W przypadku produkt\u00f3w elektronicznych (ebook\u00f3w) \u2013 darmowa wysy\u0142ka na podany adres email.<\/p>\t\t\t\t\t\t\t\t<\/div>\n\t\t\t\t<\/div>\n\t\t\t\t<div class=\"elementor-element elementor-element-d7c5859 elementor-widget elementor-widget-heading\" data-id=\"d7c5859\" data-element_type=\"widget\" data-e-type=\"widget\" data-widget_type=\"heading.default\">\n\t\t\t\t<div class=\"elementor-widget-container\">\n\t\t\t\t\t<h3 class=\"elementor-heading-title elementor-size-default\">Czas realizacji zam\u00f3wienia<\/h3>\t\t\t\t<\/div>\n\t\t\t\t<\/div>\n\t\t\t\t<div class=\"elementor-element elementor-element-323de10 elementor-widget elementor-widget-text-editor\" data-id=\"323de10\" data-element_type=\"widget\" data-e-type=\"widget\" data-widget_type=\"text-editor.default\">\n\t\t\t\t<div class=\"elementor-widget-container\">\n\t\t\t\t\t\t\t\t\t<p>Wysy\u0142ka krajowa, produkt znajduj\u0105cy si\u0119 na stanie wydawnictwa \u2013 3 dni robocze.<\/p><p>Produkt oznaczony etykiet\u0105 \u201ena zam\u00f3wienie\u201d \u2013 do 30 dni roboczych.<\/p><p>Produkty elektroniczne zostan\u0105 dostarczone niezw\u0142ocznie po zaksi\u0119gowaniu p\u0142atno\u015bci przez system p\u0142atno\u015bci.<\/p>\t\t\t\t\t\t\t\t<\/div>\n\t\t\t\t<\/div>\n\t\t\t\t<div class=\"elementor-element elementor-element-d3d0fd6 elementor-widget elementor-widget-heading\" data-id=\"d3d0fd6\" data-element_type=\"widget\" data-e-type=\"widget\" data-widget_type=\"heading.default\">\n\t\t\t\t<div class=\"elementor-widget-container\">\n\t\t\t\t\t<h3 class=\"elementor-heading-title elementor-size-default\">P\u0142atno\u015b\u0107<\/h3>\t\t\t\t<\/div>\n\t\t\t\t<\/div>\n\t\t\t\t<div class=\"elementor-element elementor-element-3cf057e elementor-widget elementor-widget-text-editor\" data-id=\"3cf057e\" data-element_type=\"widget\" data-e-type=\"widget\" data-widget_type=\"text-editor.default\">\n\t\t\t\t<div class=\"elementor-widget-container\">\n\t\t\t\t\t\t\t\t\t<p>P\u0142atno\u015b\u0107 za zam\u00f3wienie mo\u017ce zosta\u0107 dokonana za po\u015brednictwem bramki p\u0142atno\u015bci iMoje (Blik, szybkie transfery bankowe), lub tradycyjnym przelewem bankowym. Przy dokonywaniu p\u0142atno\u015bci tradycyjnym przelewem bankowym nale\u017cy wzi\u0105\u0107 pod uwag\u0119, \u017ce wyd\u0142u\u017cy to czas realizacji zam\u00f3wienia. Mo\u017cliwa jest r\u00f3wnie\u017c wysy\u0142ka za pobraniem.<\/p>\t\t\t\t\t\t\t\t<\/div>\n\t\t\t\t<\/div>\n\t\t\t\t<\/div>\n\t\t\t\t<\/div>","protected":false},"excerpt":{"rendered":"<p>Wysy\u0142ka Czas wysy\u0142ki uzale\u017cniony jest od tego, czy produkt znajduje si\u0119 na stanie wydawnictwa, czy jest oznaczony etykiet\u0105 \u201ena zam\u00f3wienie\u201d. Produkt znajduj\u0105cy si\u0119 fizycznie na stanie wydawnictwa, zostanie przes\u0142any na adres podany podczas zam\u00f3wienia za po\u015brednictwem firmy kurierskiej. Koszt dostawy wynosi 17,14 z\u0142 + 5% VAT (18 z\u0142 brutto). Wysy\u0142ka zagraniczna produkt\u00f3w znajduj\u0105cych si\u0119 na [&hellip;]<\/p>\n","protected":false},"author":1,"featured_media":0,"parent":0,"menu_order":0,"comment_status":"closed","ping_status":"closed","template":"","meta":{"footnotes":""},"class_list":["post-236","page","type-page","status-publish","hentry"],"meta_box":{"wyd_pdf_title":"","wyd_pdf":"","wyd_pdf_title_2":"","wyd_pdf_2":""},"_links":{"self":[{"href":"https:\/\/wydawnictwo-sqda.pl\/en\/wp-json\/wp\/v2\/pages\/236","targetHints":{"allow":["GET"]}}],"collection":[{"href":"https:\/\/wydawnictwo-sqda.pl\/en\/wp-json\/wp\/v2\/pages"}],"about":[{"href":"https:\/\/wydawnictwo-sqda.pl\/en\/wp-json\/wp\/v2\/types\/page"}],"author":[{"embeddable":true,"href":"https:\/\/wydawnictwo-sqda.pl\/en\/wp-json\/wp\/v2\/users\/1"}],"replies":[{"embeddable":true,"href":"https:\/\/wydawnictwo-sqda.pl\/en\/wp-json\/wp\/v2\/comments?post=236"}],"version-history":[{"count":10,"href":"https:\/\/wydawnictwo-sqda.pl\/en\/wp-json\/wp\/v2\/pages\/236\/revisions"}],"predecessor-version":[{"id":19920,"href":"https:\/\/wydawnictwo-sqda.pl\/en\/wp-json\/wp\/v2\/pages\/236\/revisions\/19920"}],"wp:attachment":[{"href":"https:\/\/wydawnictwo-sqda.pl\/en\/wp-json\/wp\/v2\/media?parent=236"}],"curies":[{"name":"wp","href":"https:\/\/api.w.org\/{rel}","templated":true}]}}