{"id":1045,"date":"2024-05-21T15:03:19","date_gmt":"2024-05-21T13:03:19","guid":{"rendered":"https:\/\/2024.wydawnictwo-sqda.pl\/?page_id=1045"},"modified":"2024-09-17T13:13:36","modified_gmt":"2024-09-17T11:13:36","slug":"o-nas","status":"publish","type":"page","link":"https:\/\/wydawnictwo-sqda.pl\/en\/o-nas\/","title":{"rendered":"About us"},"content":{"rendered":"<div data-elementor-type=\"wp-page\" data-elementor-id=\"1045\" class=\"elementor elementor-1045\" data-elementor-post-type=\"page\">\n\t\t\t\t<div class=\"elementor-element elementor-element-04dbfe1 e-flex e-con-boxed e-con e-parent\" data-id=\"04dbfe1\" data-element_type=\"container\" data-e-type=\"container\">\n\t\t\t\t\t<div class=\"e-con-inner\">\n\t\t<div class=\"elementor-element elementor-element-11acf3e e-con-full e-flex e-con e-child\" data-id=\"11acf3e\" data-element_type=\"container\" data-e-type=\"container\">\n\t\t\t\t<div class=\"elementor-element elementor-element-03177c7 elementor-widget elementor-widget-text-editor\" data-id=\"03177c7\" data-element_type=\"widget\" data-e-type=\"widget\" data-widget_type=\"text-editor.default\">\n\t\t\t\t<div class=\"elementor-widget-container\">\n\t\t\t\t\t\t\t\t\t<p>Nasze wydawnictwo jest cz\u0119\u015bci\u0105 dynamicznie rozwijaj\u0105cej si\u0119 firmy SQD Alliance, kt\u00f3ra od 2006 roku dostarcza najwy\u017cszej jako\u015bci rozwi\u0105zania i us\u0142ugi dla r\u00f3\u017cnych sektor\u00f3w przemys\u0142u. Wychodz\u0105c naprzeciw potrzebom naszych klient\u00f3w, w 2023 roku otworzyli\u015bmy <b>Wydawnictwo SQDA<\/b>, kt\u00f3re umo\u017cliwia nam dzielenie si\u0119 wiedz\u0105 i do\u015bwiadczeniem z szerokim gronem odbiorc\u00f3w.<\/p><p>Jako jedyni w Polsce posiadamy autoryzacj\u0119 na t\u0142umaczenie presti\u017cowych publikacji od VDA QMC oraz IATF, zar\u00f3wno <b>w j\u0119zyku polskim oraz ukrai\u0144skim<\/b>, jak r\u00f3wnie\u017c prawo do sprzeda\u017cy ich <b>anglo<\/b><b>&#8211; i niemieckoj\u0119zycznych <\/b>wersji. Nasze publikacje to nie tylko t\u0142umaczenia mi\u0119dzynarodowych standard\u00f3w, ale r\u00f3wnie\u017c autorskie materia\u0142y edukacyjne SQD Alliance, kt\u00f3re pomagaj\u0105 firmom w poprawie jako\u015bci.<\/p>\t\t\t\t\t\t\t\t<\/div>\n\t\t\t\t<\/div>\n\t\t\t\t<div class=\"elementor-element elementor-element-c1367f9 elementor-widget elementor-widget-text-editor\" data-id=\"c1367f9\" data-element_type=\"widget\" data-e-type=\"widget\" data-widget_type=\"text-editor.default\">\n\t\t\t\t<div class=\"elementor-widget-container\">\n\t\t\t\t\t\t\t\t\t<p>Dzi\u0119ki naszemu Wydawnictwu:<\/p>\t\t\t\t\t\t\t\t<\/div>\n\t\t\t\t<\/div>\n\t\t\t\t<div class=\"elementor-element elementor-element-4a35555 elementor-icon-list--layout-traditional elementor-list-item-link-full_width elementor-widget elementor-widget-icon-list\" data-id=\"4a35555\" data-element_type=\"widget\" data-e-type=\"widget\" data-widget_type=\"icon-list.default\">\n\t\t\t\t<div class=\"elementor-widget-container\">\n\t\t\t\t\t\t\t<ul class=\"elementor-icon-list-items\">\n\t\t\t\t\t\t\t<li class=\"elementor-icon-list-item\">\n\t\t\t\t\t\t\t\t\t\t\t<span class=\"elementor-icon-list-icon\">\n\t\t\t\t\t\t\t<svg aria-hidden=\"true\" class=\"e-font-icon-svg e-fas-check\" viewbox=\"0 0 512 512\" xmlns=\"http:\/\/www.w3.org\/2000\/svg\"><path d=\"M173.898 439.404l-166.4-166.4c-9.997-9.997-9.997-26.206 0-36.204l36.203-36.204c9.997-9.998 26.207-9.998 36.204 0L192 312.69 432.095 72.596c9.997-9.997 26.207-9.997 36.204 0l36.203 36.204c9.997 9.997 9.997 26.206 0 36.204l-294.4 294.401c-9.998 9.997-26.207 9.997-36.204-.001z\"><\/path><\/svg>\t\t\t\t\t\t<\/span>\n\t\t\t\t\t\t\t\t\t\t<span class=\"elementor-icon-list-text\">Oferujemy publikacje VDA i IATF w wielu wersjach j\u0119zykowych: polskiej, angielskiej, niemieckiej, a nawet ukrai\u0144skiej.<\/span>\n\t\t\t\t\t\t\t\t\t<\/li>\n\t\t\t\t\t\t\t\t<li class=\"elementor-icon-list-item\">\n\t\t\t\t\t\t\t\t\t\t\t<span class=\"elementor-icon-list-icon\">\n\t\t\t\t\t\t\t<svg aria-hidden=\"true\" class=\"e-font-icon-svg e-fas-check\" viewbox=\"0 0 512 512\" xmlns=\"http:\/\/www.w3.org\/2000\/svg\"><path d=\"M173.898 439.404l-166.4-166.4c-9.997-9.997-9.997-26.206 0-36.204l36.203-36.204c9.997-9.998 26.207-9.998 36.204 0L192 312.69 432.095 72.596c9.997-9.997 26.207-9.997 36.204 0l36.203 36.204c9.997 9.997 9.997 26.206 0 36.204l-294.4 294.401c-9.998 9.997-26.207 9.997-36.204-.001z\"><\/path><\/svg>\t\t\t\t\t\t<\/span>\n\t\t\t\t\t\t\t\t\t\t<span class=\"elementor-icon-list-text\">Umo\u017cliwiamy szybki i wygodny dost\u0119p do kluczowych podr\u0119cznik\u00f3w bran\u017cowych, eliminuj\u0105c czasoch\u0142onne procesy zam\u00f3wie\u0144 bezpo\u015brednio u autor\u00f3w (IATF, VDA).<\/span>\n\t\t\t\t\t\t\t\t\t<\/li>\n\t\t\t\t\t\t\t\t<li class=\"elementor-icon-list-item\">\n\t\t\t\t\t\t\t\t\t\t\t<span class=\"elementor-icon-list-icon\">\n\t\t\t\t\t\t\t<svg aria-hidden=\"true\" class=\"e-font-icon-svg e-fas-check\" viewbox=\"0 0 512 512\" xmlns=\"http:\/\/www.w3.org\/2000\/svg\"><path d=\"M173.898 439.404l-166.4-166.4c-9.997-9.997-9.997-26.206 0-36.204l36.203-36.204c9.997-9.998 26.207-9.998 36.204 0L192 312.69 432.095 72.596c9.997-9.997 26.207-9.997 36.204 0l36.203 36.204c9.997 9.997 9.997 26.206 0 36.204l-294.4 294.401c-9.998 9.997-26.207 9.997-36.204-.001z\"><\/path><\/svg>\t\t\t\t\t\t<\/span>\n\t\t\t\t\t\t\t\t\t\t<span class=\"elementor-icon-list-text\">Dzielimy si\u0119 wiedz\u0105 poprzez materia\u0142y autorskie, w tym popularne Memory Joggers, kt\u00f3re wspieraj\u0105 codzienn\u0105 prac\u0119 specjalist\u00f3w.<\/span>\n\t\t\t\t\t\t\t\t\t<\/li>\n\t\t\t\t\t\t<\/ul>\n\t\t\t\t\t\t<\/div>\n\t\t\t\t<\/div>\n\t\t\t\t<div class=\"elementor-element elementor-element-750d063 elementor-widget elementor-widget-text-editor\" data-id=\"750d063\" data-element_type=\"widget\" data-e-type=\"widget\" data-widget_type=\"text-editor.default\">\n\t\t\t\t<div class=\"elementor-widget-container\">\n\t\t\t\t\t\t\t\t\t<p>Naszym celem jest u\u0142atwienie dost\u0119pu do wysokiej jako\u015bci informacji, kt\u00f3re wspieraj\u0105 rozw\u00f3j przedsi\u0119biorstw w Polsce i za granic\u0105. Ka\u017cda publikacja jest starannie przygotowana, aby spe\u0142nia\u0107 oczekiwania zar\u00f3wno ma\u0142ych firm, jak i du\u017cych mi\u0119dzynarodowych korporacji.<\/p><p>Zapraszamy do wsp\u00f3\u0142pracy i odkrycia naszej oferty wydawniczej. Dzi\u0119ki niej, ka\u017cda firma mo\u017ce osi\u0105gn\u0105\u0107 jeszcze lepsze wyniki w zakresie jako\u015bci i zarz\u0105dzania, opieraj\u0105c si\u0119 na sprawdzonych, mi\u0119dzynarodowych standardach.<\/p>\t\t\t\t\t\t\t\t<\/div>\n\t\t\t\t<\/div>\n\t\t\t\t<\/div>\n\t\t<div class=\"elementor-element elementor-element-79d9eed e-con-full e-flex e-con e-child\" data-id=\"79d9eed\" data-element_type=\"container\" data-e-type=\"container\" data-settings=\"{&quot;background_background&quot;:&quot;classic&quot;}\">\n\t\t\t\t<\/div>\n\t\t\t\t\t<\/div>\n\t\t\t\t<\/div>\n\t\t\t\t<\/div>","protected":false},"excerpt":{"rendered":"<p>Nasze wydawnictwo jest cz\u0119\u015bci\u0105 dynamicznie rozwijaj\u0105cej si\u0119 firmy SQD Alliance, kt\u00f3ra od 2006 roku dostarcza najwy\u017cszej jako\u015bci rozwi\u0105zania i us\u0142ugi dla r\u00f3\u017cnych sektor\u00f3w przemys\u0142u. Wychodz\u0105c naprzeciw potrzebom naszych klient\u00f3w, w 2023 roku otworzyli\u015bmy Wydawnictwo SQDA, kt\u00f3re umo\u017cliwia nam dzielenie si\u0119 wiedz\u0105 i do\u015bwiadczeniem z szerokim gronem odbiorc\u00f3w. Jako jedyni w Polsce posiadamy autoryzacj\u0119 na t\u0142umaczenie [&hellip;]<\/p>\n","protected":false},"author":1,"featured_media":0,"parent":0,"menu_order":0,"comment_status":"closed","ping_status":"closed","template":"","meta":{"footnotes":""},"class_list":["post-1045","page","type-page","status-publish","hentry"],"meta_box":{"wyd_pdf_title":"","wyd_pdf":"","wyd_pdf_title_2":"","wyd_pdf_2":""},"_links":{"self":[{"href":"https:\/\/wydawnictwo-sqda.pl\/en\/wp-json\/wp\/v2\/pages\/1045","targetHints":{"allow":["GET"]}}],"collection":[{"href":"https:\/\/wydawnictwo-sqda.pl\/en\/wp-json\/wp\/v2\/pages"}],"about":[{"href":"https:\/\/wydawnictwo-sqda.pl\/en\/wp-json\/wp\/v2\/types\/page"}],"author":[{"embeddable":true,"href":"https:\/\/wydawnictwo-sqda.pl\/en\/wp-json\/wp\/v2\/users\/1"}],"replies":[{"embeddable":true,"href":"https:\/\/wydawnictwo-sqda.pl\/en\/wp-json\/wp\/v2\/comments?post=1045"}],"version-history":[{"count":16,"href":"https:\/\/wydawnictwo-sqda.pl\/en\/wp-json\/wp\/v2\/pages\/1045\/revisions"}],"predecessor-version":[{"id":1208,"href":"https:\/\/wydawnictwo-sqda.pl\/en\/wp-json\/wp\/v2\/pages\/1045\/revisions\/1208"}],"wp:attachment":[{"href":"https:\/\/wydawnictwo-sqda.pl\/en\/wp-json\/wp\/v2\/media?parent=1045"}],"curies":[{"name":"wp","href":"https:\/\/api.w.org\/{rel}","templated":true}]}}